{"id":1186,"date":"2018-12-27T18:19:12","date_gmt":"2018-12-27T18:19:12","guid":{"rendered":"http:\/\/54.189.142.169\/grillpro\/product\/fourches-pour-la-viande\/"},"modified":"2018-12-27T18:19:12","modified_gmt":"2018-12-27T18:19:12","slug":"fourches-pour-la-viande","status":"publish","type":"product","link":"https:\/\/grillpro.com\/fr\/produit\/fourches-pour-la-viande\/","title":{"rendered":"Fourches pour la viande"},"content":{"rendered":"<p>Il n&rsquo;a jamais \u00e9t\u00e9 si facile de d\u00e9chiqueter le porc, le poulet et le b\u0153uf cuit. Plus besoin d&rsquo;une fourchette : les larges dents ext\u00e9rieures de ces fourches maintiennent la pi\u00e8ce de viande pendant que les dents plus minces du milieu peuvent d\u00e9chiqueter la viande en menus morceaux. Les fourches en acier inoxydable sont dot\u00e9es d&rsquo;une poign\u00e9e facile \u00e0 manipuler offrant plusieurs prises. Longueur totale de chaque fourche : 21 cm (8,25 po).<\/p>\n","protected":false},"excerpt":{"rendered":"<p>Il n&rsquo;a jamais \u00e9t\u00e9 si facile de d\u00e9chiqueter le porc, le poulet et le b\u0153uf cuit. Plus besoin d&rsquo;une fourchette : les larges dents ext\u00e9rieures de ces fourches maintiennent la pi\u00e8ce de viande pendant que les dents plus minces du milieu peuvent d\u00e9chiqueter la viande en menus morceaux. Les fourches en acier inoxydable sont dot\u00e9es &hellip; <\/p>\n<p class=\"link-more\"><a href=\"https:\/\/grillpro.com\/fr\/produit\/fourches-pour-la-viande\/\" class=\"more-link\">Continue reading<span class=\"screen-reader-text\"> \u00ab\u00a0Fourches pour la viande\u00a0\u00bb<\/span><\/a><\/p>\n","protected":false},"featured_media":1147,"template":"","meta":[],"product_cat":[87],"product_tag":[],"_links":{"self":[{"href":"https:\/\/grillpro.com\/fr\/wp-json\/wp\/v2\/product\/1186\/"}],"collection":[{"href":"https:\/\/grillpro.com\/fr\/wp-json\/wp\/v2\/product\/"}],"about":[{"href":"https:\/\/grillpro.com\/fr\/wp-json\/wp\/v2\/types\/product\/"}],"version-history":[{"count":0,"href":"https:\/\/grillpro.com\/fr\/wp-json\/wp\/v2\/product\/1186\/revisions\/"}],"wp:featuredmedia":[{"embeddable":true,"href":"https:\/\/grillpro.com\/fr\/wp-json\/wp\/v2\/media\/1147\/"}],"wp:attachment":[{"href":"https:\/\/grillpro.com\/fr\/wp-json\/wp\/v2\/media\/?parent=1186"}],"wp:term":[{"taxonomy":"product_cat","embeddable":true,"href":"https:\/\/grillpro.com\/fr\/wp-json\/wp\/v2\/product_cat\/?post=1186"},{"taxonomy":"product_tag","embeddable":true,"href":"https:\/\/grillpro.com\/fr\/wp-json\/wp\/v2\/product_tag\/?post=1186"}],"curies":[{"name":"wp","href":"https:\/\/api.w.org\/{rel}","templated":true}]}}