{"id":1257,"date":"2019-01-08T15:54:20","date_gmt":"2019-01-08T15:54:20","guid":{"rendered":"http:\/\/54.189.142.169\/grillpro\/product\/ensemble-doutils-de-luxe-a-prise-souple\/"},"modified":"2019-01-08T15:54:20","modified_gmt":"2019-01-08T15:54:20","slug":"ensemble-doutils-de-luxe-a-prise-souple","status":"publish","type":"product","link":"https:\/\/grillpro.com\/fr\/produit\/ensemble-doutils-de-luxe-a-prise-souple\/","title":{"rendered":"Ensemble D&rsquo;outils De Luxe \u00e0 Prise Souple"},"content":{"rendered":"<p>Prise douce et confortable. Fabriqu\u00e9s en acier inoxydable poli de haute qualit\u00e9. Brochettes en \u00abV\u00bb pour \u00e9viter le roulement des aliments sur la broche.<\/p>\n","protected":false},"excerpt":{"rendered":"<p>Prise douce et confortable. Fabriqu\u00e9s en acier inoxydable poli de haute qualit\u00e9. Brochettes en \u00abV\u00bb pour \u00e9viter le roulement des aliments sur la broche.<\/p>\n","protected":false},"featured_media":1256,"template":"","meta":[],"product_cat":[87],"product_tag":[],"_links":{"self":[{"href":"https:\/\/grillpro.com\/fr\/wp-json\/wp\/v2\/product\/1257\/"}],"collection":[{"href":"https:\/\/grillpro.com\/fr\/wp-json\/wp\/v2\/product\/"}],"about":[{"href":"https:\/\/grillpro.com\/fr\/wp-json\/wp\/v2\/types\/product\/"}],"version-history":[{"count":0,"href":"https:\/\/grillpro.com\/fr\/wp-json\/wp\/v2\/product\/1257\/revisions\/"}],"wp:featuredmedia":[{"embeddable":true,"href":"https:\/\/grillpro.com\/fr\/wp-json\/wp\/v2\/media\/1256\/"}],"wp:attachment":[{"href":"https:\/\/grillpro.com\/fr\/wp-json\/wp\/v2\/media\/?parent=1257"}],"wp:term":[{"taxonomy":"product_cat","embeddable":true,"href":"https:\/\/grillpro.com\/fr\/wp-json\/wp\/v2\/product_cat\/?post=1257"},{"taxonomy":"product_tag","embeddable":true,"href":"https:\/\/grillpro.com\/fr\/wp-json\/wp\/v2\/product_tag\/?post=1257"}],"curies":[{"name":"wp","href":"https:\/\/api.w.org\/{rel}","templated":true}]}}