{"id":1374,"date":"2019-01-09T17:35:06","date_gmt":"2019-01-09T17:38:54","guid":{"rendered":"http:\/\/54.189.142.169\/grillpro\/?post_type=product&#038;p=1374"},"modified":"2019-01-09T17:38:57","modified_gmt":"2019-01-09T17:38:57","slug":"ensemble-a-badigeonner-en-acier-inoxydable","status":"publish","type":"product","link":"https:\/\/grillpro.com\/fr\/produit\/ensemble-a-badigeonner-en-acier-inoxydable\/","title":{"rendered":"Ensemble \u00e0 badigeonner en acier inoxydable"},"content":{"rendered":"<p>Bol en acier inoxydable avec des marques de mesure \u00e0 l\u2019int\u00e9rieur pour la pr\u00e9paration pr\u00e9cise des sauces. Comprend un pinceau en silicone pour badigeonner les aliments.<\/p>\n","protected":false},"excerpt":{"rendered":"<p>Bol en acier inoxydable avec des marques de mesure \u00e0 l\u2019int\u00e9rieur pour la pr\u00e9paration pr\u00e9cise des sauces. Comprend un pinceau en silicone pour badigeonner les aliments.<\/p>\n","protected":false},"featured_media":1369,"template":"","meta":[],"product_cat":[89,105],"product_tag":[],"_links":{"self":[{"href":"https:\/\/grillpro.com\/fr\/wp-json\/wp\/v2\/product\/1374\/"}],"collection":[{"href":"https:\/\/grillpro.com\/fr\/wp-json\/wp\/v2\/product\/"}],"about":[{"href":"https:\/\/grillpro.com\/fr\/wp-json\/wp\/v2\/types\/product\/"}],"version-history":[{"count":0,"href":"https:\/\/grillpro.com\/fr\/wp-json\/wp\/v2\/product\/1374\/revisions\/"}],"wp:featuredmedia":[{"embeddable":true,"href":"https:\/\/grillpro.com\/fr\/wp-json\/wp\/v2\/media\/1369\/"}],"wp:attachment":[{"href":"https:\/\/grillpro.com\/fr\/wp-json\/wp\/v2\/media\/?parent=1374"}],"wp:term":[{"taxonomy":"product_cat","embeddable":true,"href":"https:\/\/grillpro.com\/fr\/wp-json\/wp\/v2\/product_cat\/?post=1374"},{"taxonomy":"product_tag","embeddable":true,"href":"https:\/\/grillpro.com\/fr\/wp-json\/wp\/v2\/product_tag\/?post=1374"}],"curies":[{"name":"wp","href":"https:\/\/api.w.org\/{rel}","templated":true}]}}