{"id":1389,"date":"2019-01-09T18:01:28","date_gmt":"2019-01-09T18:03:31","guid":{"rendered":"http:\/\/54.189.142.169\/grillpro\/?post_type=product&#038;p=1389"},"modified":"2019-01-09T18:03:40","modified_gmt":"2019-01-09T18:03:40","slug":"pinceau-a-badigeonner-en-silicone-a-col-souple","status":"publish","type":"product","link":"https:\/\/grillpro.com\/fr\/produit\/pinceau-a-badigeonner-en-silicone-a-col-souple\/","title":{"rendered":"Pinceau \u00e0 badigeonner en silicone \u00e0 col souple"},"content":{"rendered":"<p>Col souple unique \u00e0 positions infinies qui facilite le badigeonnage et le rangement.<\/p>\n","protected":false},"excerpt":{"rendered":"<p>Col souple unique \u00e0 positions infinies qui facilite le badigeonnage et le rangement.<\/p>\n","protected":false},"featured_media":1387,"template":"","meta":[],"product_cat":[105],"product_tag":[],"_links":{"self":[{"href":"https:\/\/grillpro.com\/fr\/wp-json\/wp\/v2\/product\/1389\/"}],"collection":[{"href":"https:\/\/grillpro.com\/fr\/wp-json\/wp\/v2\/product\/"}],"about":[{"href":"https:\/\/grillpro.com\/fr\/wp-json\/wp\/v2\/types\/product\/"}],"version-history":[{"count":1,"href":"https:\/\/grillpro.com\/fr\/wp-json\/wp\/v2\/product\/1389\/revisions\/"}],"predecessor-version":[{"id":1390,"href":"https:\/\/grillpro.com\/fr\/wp-json\/wp\/v2\/product\/1389\/revisions\/1390\/"}],"wp:featuredmedia":[{"embeddable":true,"href":"https:\/\/grillpro.com\/fr\/wp-json\/wp\/v2\/media\/1387\/"}],"wp:attachment":[{"href":"https:\/\/grillpro.com\/fr\/wp-json\/wp\/v2\/media\/?parent=1389"}],"wp:term":[{"taxonomy":"product_cat","embeddable":true,"href":"https:\/\/grillpro.com\/fr\/wp-json\/wp\/v2\/product_cat\/?post=1389"},{"taxonomy":"product_tag","embeddable":true,"href":"https:\/\/grillpro.com\/fr\/wp-json\/wp\/v2\/product_tag\/?post=1389"}],"curies":[{"name":"wp","href":"https:\/\/api.w.org\/{rel}","templated":true}]}}