{"id":1423,"date":"2019-01-09T18:55:55","date_gmt":"2019-01-09T18:59:46","guid":{"rendered":"http:\/\/54.189.142.169\/grillpro\/?post_type=product&#038;p=1423"},"modified":"2019-01-09T18:59:52","modified_gmt":"2019-01-09T18:59:52","slug":"pinceau-a-badigeonner-de-457-cm-18-po","status":"publish","type":"product","link":"https:\/\/grillpro.com\/fr\/produit\/pinceau-a-badigeonner-de-457-cm-18-po\/","title":{"rendered":"Pinceau \u00e0 badigeonner de 45,7 cm (18 po)"},"content":{"rendered":"<p>Pinceau \u00e0 badigeonner de 45,7 cm (18 po) avec manche en bois massif de teinte fonc\u00e9e et soies naturelles.<\/p>\n","protected":false},"excerpt":{"rendered":"<p>Pinceau \u00e0 badigeonner de 45,7 cm (18 po) avec manche en bois massif de teinte fonc\u00e9e et soies naturelles.<\/p>\n","protected":false},"featured_media":1422,"template":"","meta":[],"product_cat":[105],"product_tag":[],"_links":{"self":[{"href":"https:\/\/grillpro.com\/fr\/wp-json\/wp\/v2\/product\/1423\/"}],"collection":[{"href":"https:\/\/grillpro.com\/fr\/wp-json\/wp\/v2\/product\/"}],"about":[{"href":"https:\/\/grillpro.com\/fr\/wp-json\/wp\/v2\/types\/product\/"}],"version-history":[{"count":0,"href":"https:\/\/grillpro.com\/fr\/wp-json\/wp\/v2\/product\/1423\/revisions\/"}],"wp:featuredmedia":[{"embeddable":true,"href":"https:\/\/grillpro.com\/fr\/wp-json\/wp\/v2\/media\/1422\/"}],"wp:attachment":[{"href":"https:\/\/grillpro.com\/fr\/wp-json\/wp\/v2\/media\/?parent=1423"}],"wp:term":[{"taxonomy":"product_cat","embeddable":true,"href":"https:\/\/grillpro.com\/fr\/wp-json\/wp\/v2\/product_cat\/?post=1423"},{"taxonomy":"product_tag","embeddable":true,"href":"https:\/\/grillpro.com\/fr\/wp-json\/wp\/v2\/product_tag\/?post=1423"}],"curies":[{"name":"wp","href":"https:\/\/api.w.org\/{rel}","templated":true}]}}