{"id":1429,"date":"2019-01-09T19:15:03","date_gmt":"2019-01-09T19:15:03","guid":{"rendered":"http:\/\/54.189.142.169\/grillpro\/?post_type=product&#038;p=1429"},"modified":"2019-01-09T19:15:11","modified_gmt":"2019-01-09T19:15:11","slug":"pinceau-a-badigeonner-en-silicone","status":"publish","type":"product","link":"https:\/\/grillpro.com\/fr\/produit\/pinceau-a-badigeonner-en-silicone\/","title":{"rendered":"Pinceau \u00e0 badigeonner en silicone"},"content":{"rendered":"<p>Poign\u00e9e en fil d\u2019acier inoxydable de 25,4 cm (10 po) avec t\u00eate \u00e0 soies en silicone r\u00e9sistant \u00e0 la chaleur. R\u00e9sistant au lave-vaisselle. S\u00e9curitaire pour une utilisation sur le barbecue jusqu\u2019\u00e0 260 \u00baC (500 \u00baF).<\/p>\n","protected":false},"excerpt":{"rendered":"<p>Poign\u00e9e en fil d\u2019acier inoxydable de 25,4 cm (10 po) avec t\u00eate \u00e0 soies en silicone r\u00e9sistant \u00e0 la chaleur. R\u00e9sistant au lave-vaisselle. S\u00e9curitaire pour une utilisation sur le barbecue jusqu\u2019\u00e0 260 \u00baC (500 \u00baF).<\/p>\n","protected":false},"featured_media":1430,"template":"","meta":[],"product_cat":[105],"product_tag":[],"_links":{"self":[{"href":"https:\/\/grillpro.com\/fr\/wp-json\/wp\/v2\/product\/1429\/"}],"collection":[{"href":"https:\/\/grillpro.com\/fr\/wp-json\/wp\/v2\/product\/"}],"about":[{"href":"https:\/\/grillpro.com\/fr\/wp-json\/wp\/v2\/types\/product\/"}],"version-history":[{"count":0,"href":"https:\/\/grillpro.com\/fr\/wp-json\/wp\/v2\/product\/1429\/revisions\/"}],"wp:featuredmedia":[{"embeddable":true,"href":"https:\/\/grillpro.com\/fr\/wp-json\/wp\/v2\/media\/1430\/"}],"wp:attachment":[{"href":"https:\/\/grillpro.com\/fr\/wp-json\/wp\/v2\/media\/?parent=1429"}],"wp:term":[{"taxonomy":"product_cat","embeddable":true,"href":"https:\/\/grillpro.com\/fr\/wp-json\/wp\/v2\/product_cat\/?post=1429"},{"taxonomy":"product_tag","embeddable":true,"href":"https:\/\/grillpro.com\/fr\/wp-json\/wp\/v2\/product_tag\/?post=1429"}],"curies":[{"name":"wp","href":"https:\/\/api.w.org\/{rel}","templated":true}]}}