{"id":1446,"date":"2019-01-14T14:36:30","date_gmt":"2019-01-14T14:38:31","guid":{"rendered":"http:\/\/54.189.142.169\/grillpro\/?post_type=product&#038;p=1446"},"modified":"2019-01-14T14:38:39","modified_gmt":"2019-01-14T14:38:39","slug":"gant-pour-la-cuisson-au-barbecue-avec-paume-en-neoprene","status":"publish","type":"product","link":"https:\/\/grillpro.com\/fr\/produit\/gant-pour-la-cuisson-au-barbecue-avec-paume-en-neoprene\/","title":{"rendered":"Gant pour la cuisson au barbecue avec paume en n\u00e9opr\u00e8ne"},"content":{"rendered":"<p>Gant de 40,6 cm (16 po) en n\u00e9opr\u00e8ne qui \u00e9loigne la chaleur de la main et se nettoie facilement. Paume noire; poignet vert ou rouge.<\/p>\n","protected":false},"excerpt":{"rendered":"<p>Gant de 40,6 cm (16 po) en n\u00e9opr\u00e8ne qui \u00e9loigne la chaleur de la main et se nettoie facilement. Paume noire; poignet vert ou rouge.<\/p>\n","protected":false},"featured_media":1441,"template":"","meta":[],"product_cat":[88],"product_tag":[],"_links":{"self":[{"href":"https:\/\/grillpro.com\/fr\/wp-json\/wp\/v2\/product\/1446\/"}],"collection":[{"href":"https:\/\/grillpro.com\/fr\/wp-json\/wp\/v2\/product\/"}],"about":[{"href":"https:\/\/grillpro.com\/fr\/wp-json\/wp\/v2\/types\/product\/"}],"version-history":[{"count":0,"href":"https:\/\/grillpro.com\/fr\/wp-json\/wp\/v2\/product\/1446\/revisions\/"}],"wp:featuredmedia":[{"embeddable":true,"href":"https:\/\/grillpro.com\/fr\/wp-json\/wp\/v2\/media\/1441\/"}],"wp:attachment":[{"href":"https:\/\/grillpro.com\/fr\/wp-json\/wp\/v2\/media\/?parent=1446"}],"wp:term":[{"taxonomy":"product_cat","embeddable":true,"href":"https:\/\/grillpro.com\/fr\/wp-json\/wp\/v2\/product_cat\/?post=1446"},{"taxonomy":"product_tag","embeddable":true,"href":"https:\/\/grillpro.com\/fr\/wp-json\/wp\/v2\/product_tag\/?post=1446"}],"curies":[{"name":"wp","href":"https:\/\/api.w.org\/{rel}","templated":true}]}}