{"id":1500,"date":"2019-01-14T17:30:39","date_gmt":"2019-01-14T17:32:10","guid":{"rendered":"http:\/\/54.189.142.169\/grillpro\/?post_type=product&#038;p=1500"},"modified":"2019-01-14T17:32:14","modified_gmt":"2019-01-14T17:32:14","slug":"briquet-a-pression-au-butane-reutilisable","status":"publish","type":"product","link":"https:\/\/grillpro.com\/fr\/produit\/briquet-a-pression-au-butane-reutilisable\/","title":{"rendered":"Briquet \u00e0 pression au butane r\u00e9utilisable."},"content":{"rendered":"<p>Briquet r\u00e9utilisable \u00e0 allumage pi\u00e9zo-\u00e9lectrique. M\u00e9canisme de protection \u00e0 l\u2019\u00e9preuve des enfants. Flamme r\u00e9glable.<\/p>\n","protected":false},"excerpt":{"rendered":"<p>Briquet r\u00e9utilisable \u00e0 allumage pi\u00e9zo-\u00e9lectrique. M\u00e9canisme de protection \u00e0 l\u2019\u00e9preuve des enfants. Flamme r\u00e9glable.<\/p>\n","protected":false},"featured_media":1499,"template":"","meta":[],"product_cat":[107],"product_tag":[],"_links":{"self":[{"href":"https:\/\/grillpro.com\/fr\/wp-json\/wp\/v2\/product\/1500\/"}],"collection":[{"href":"https:\/\/grillpro.com\/fr\/wp-json\/wp\/v2\/product\/"}],"about":[{"href":"https:\/\/grillpro.com\/fr\/wp-json\/wp\/v2\/types\/product\/"}],"version-history":[{"count":0,"href":"https:\/\/grillpro.com\/fr\/wp-json\/wp\/v2\/product\/1500\/revisions\/"}],"wp:featuredmedia":[{"embeddable":true,"href":"https:\/\/grillpro.com\/fr\/wp-json\/wp\/v2\/media\/1499\/"}],"wp:attachment":[{"href":"https:\/\/grillpro.com\/fr\/wp-json\/wp\/v2\/media\/?parent=1500"}],"wp:term":[{"taxonomy":"product_cat","embeddable":true,"href":"https:\/\/grillpro.com\/fr\/wp-json\/wp\/v2\/product_cat\/?post=1500"},{"taxonomy":"product_tag","embeddable":true,"href":"https:\/\/grillpro.com\/fr\/wp-json\/wp\/v2\/product_tag\/?post=1500"}],"curies":[{"name":"wp","href":"https:\/\/api.w.org\/{rel}","templated":true}]}}