{"id":1504,"date":"2019-01-14T20:10:39","date_gmt":"2019-01-14T20:12:34","guid":{"rendered":"http:\/\/54.189.142.169\/grillpro\/?post_type=product&#038;p=1504"},"modified":"2019-01-14T20:17:48","modified_gmt":"2019-01-14T20:17:48","slug":"briquet-a-tige-flexible-a-pression-au-butane","status":"publish","type":"product","link":"https:\/\/grillpro.com\/fr\/produit\/briquet-a-tige-flexible-a-pression-au-butane\/","title":{"rendered":"Briquet \u00e0 tige flexible, \u00e0 pression au butane"},"content":{"rendered":"<p>Allumage pi\u00e9zo-\u00e9lectrique Briquet r\u00e9utilisable. La tige du briquet se plie dans presque toutes les positions. M\u00e9canisme de protection \u00e0 l\u2019\u00e9preuve des enfants. Flamme r\u00e9glable.<\/p>\n","protected":false},"excerpt":{"rendered":"<p>Allumage pi\u00e9zo-\u00e9lectrique Briquet r\u00e9utilisable. La tige du briquet se plie dans presque toutes les positions. M\u00e9canisme de protection \u00e0 l\u2019\u00e9preuve des enfants. Flamme r\u00e9glable.<\/p>\n","protected":false},"featured_media":1503,"template":"","meta":[],"product_cat":[107],"product_tag":[],"_links":{"self":[{"href":"https:\/\/grillpro.com\/fr\/wp-json\/wp\/v2\/product\/1504\/"}],"collection":[{"href":"https:\/\/grillpro.com\/fr\/wp-json\/wp\/v2\/product\/"}],"about":[{"href":"https:\/\/grillpro.com\/fr\/wp-json\/wp\/v2\/types\/product\/"}],"version-history":[{"count":1,"href":"https:\/\/grillpro.com\/fr\/wp-json\/wp\/v2\/product\/1504\/revisions\/"}],"predecessor-version":[{"id":1505,"href":"https:\/\/grillpro.com\/fr\/wp-json\/wp\/v2\/product\/1504\/revisions\/1505\/"}],"wp:featuredmedia":[{"embeddable":true,"href":"https:\/\/grillpro.com\/fr\/wp-json\/wp\/v2\/media\/1503\/"}],"wp:attachment":[{"href":"https:\/\/grillpro.com\/fr\/wp-json\/wp\/v2\/media\/?parent=1504"}],"wp:term":[{"taxonomy":"product_cat","embeddable":true,"href":"https:\/\/grillpro.com\/fr\/wp-json\/wp\/v2\/product_cat\/?post=1504"},{"taxonomy":"product_tag","embeddable":true,"href":"https:\/\/grillpro.com\/fr\/wp-json\/wp\/v2\/product_tag\/?post=1504"}],"curies":[{"name":"wp","href":"https:\/\/api.w.org\/{rel}","templated":true}]}}