{"id":1643,"date":"2019-01-15T14:42:24","date_gmt":"2019-01-15T19:10:43","guid":{"rendered":"http:\/\/54.189.142.169\/grillpro\/?post_type=product&#038;p=1643"},"modified":"2019-01-15T19:10:47","modified_gmt":"2019-01-15T19:10:47","slug":"plateau-de-grillade-emaille","status":"publish","type":"product","link":"https:\/\/grillpro.com\/fr\/produit\/plateau-de-grillade-emaille\/","title":{"rendered":"Plateau de grillade \u00e9maill\u00e9"},"content":{"rendered":"<p>Fabrication monopi\u00e8ce pour une rigidit\u00e9 accrue, 27,9 x 40,6 cm (11 x 16 po) Poign\u00e9es en acier inoxydable et bordures en saillie pour faciliter l\u2019utilisation.<\/p>\n","protected":false},"excerpt":{"rendered":"<p>Fabrication monopi\u00e8ce pour une rigidit\u00e9 accrue, 27,9 x 40,6 cm (11 x 16 po) Poign\u00e9es en acier inoxydable et bordures en saillie pour faciliter l\u2019utilisation.<\/p>\n","protected":false},"featured_media":1541,"template":"","meta":[],"product_cat":[92],"product_tag":[],"_links":{"self":[{"href":"https:\/\/grillpro.com\/fr\/wp-json\/wp\/v2\/product\/1643\/"}],"collection":[{"href":"https:\/\/grillpro.com\/fr\/wp-json\/wp\/v2\/product\/"}],"about":[{"href":"https:\/\/grillpro.com\/fr\/wp-json\/wp\/v2\/types\/product\/"}],"version-history":[{"count":0,"href":"https:\/\/grillpro.com\/fr\/wp-json\/wp\/v2\/product\/1643\/revisions\/"}],"wp:featuredmedia":[{"embeddable":true,"href":"https:\/\/grillpro.com\/fr\/wp-json\/wp\/v2\/media\/1541\/"}],"wp:attachment":[{"href":"https:\/\/grillpro.com\/fr\/wp-json\/wp\/v2\/media\/?parent=1643"}],"wp:term":[{"taxonomy":"product_cat","embeddable":true,"href":"https:\/\/grillpro.com\/fr\/wp-json\/wp\/v2\/product_cat\/?post=1643"},{"taxonomy":"product_tag","embeddable":true,"href":"https:\/\/grillpro.com\/fr\/wp-json\/wp\/v2\/product_tag\/?post=1643"}],"curies":[{"name":"wp","href":"https:\/\/api.w.org\/{rel}","templated":true}]}}