{"id":1646,"date":"2019-01-15T14:49:21","date_gmt":"2019-01-15T20:38:22","guid":{"rendered":"http:\/\/54.189.142.169\/grillpro\/?post_type=product&#038;p=1646"},"modified":"2019-01-15T20:38:25","modified_gmt":"2019-01-15T20:38:25","slug":"plateau-de-grillade-rond-emaille","status":"publish","type":"product","link":"https:\/\/grillpro.com\/fr\/produit\/plateau-de-grillade-rond-emaille\/","title":{"rendered":"Plateau de grillade rond \u00e9maill\u00e9"},"content":{"rendered":"<p>Plateau de grillade \u00e9maill\u00e9 et perfor\u00e9 de style \u00ab wok \u00bb avec poign\u00e9es en acier inoxydable, diam\u00e8tre de 27,9 cm (11 po) et profondeur de 6,4 cm (2,5 po).<\/p>\n","protected":false},"excerpt":{"rendered":"<p>Plateau de grillade \u00e9maill\u00e9 et perfor\u00e9 de style \u00ab wok \u00bb avec poign\u00e9es en acier inoxydable, diam\u00e8tre de 27,9 cm (11 po) et profondeur de 6,4 cm (2,5 po).<\/p>\n","protected":false},"featured_media":1559,"template":"","meta":[],"product_cat":[92],"product_tag":[],"_links":{"self":[{"href":"https:\/\/grillpro.com\/fr\/wp-json\/wp\/v2\/product\/1646\/"}],"collection":[{"href":"https:\/\/grillpro.com\/fr\/wp-json\/wp\/v2\/product\/"}],"about":[{"href":"https:\/\/grillpro.com\/fr\/wp-json\/wp\/v2\/types\/product\/"}],"version-history":[{"count":0,"href":"https:\/\/grillpro.com\/fr\/wp-json\/wp\/v2\/product\/1646\/revisions\/"}],"wp:featuredmedia":[{"embeddable":true,"href":"https:\/\/grillpro.com\/fr\/wp-json\/wp\/v2\/media\/1559\/"}],"wp:attachment":[{"href":"https:\/\/grillpro.com\/fr\/wp-json\/wp\/v2\/media\/?parent=1646"}],"wp:term":[{"taxonomy":"product_cat","embeddable":true,"href":"https:\/\/grillpro.com\/fr\/wp-json\/wp\/v2\/product_cat\/?post=1646"},{"taxonomy":"product_tag","embeddable":true,"href":"https:\/\/grillpro.com\/fr\/wp-json\/wp\/v2\/product_tag\/?post=1646"}],"curies":[{"name":"wp","href":"https:\/\/api.w.org\/{rel}","templated":true}]}}