{"id":1660,"date":"2019-01-15T15:25:55","date_gmt":"2019-01-15T20:56:45","guid":{"rendered":"http:\/\/54.189.142.169\/grillpro\/?post_type=product&#038;p=1660"},"modified":"2019-01-15T20:56:48","modified_gmt":"2019-01-15T20:56:48","slug":"plaque-chauffante-antiadhesive-en-aluminium","status":"publish","type":"product","link":"https:\/\/grillpro.com\/fr\/produit\/plaque-chauffante-antiadhesive-en-aluminium\/","title":{"rendered":"Plaque chauffante antiadh\u00e9sive en aluminium"},"content":{"rendered":"<p>Plaque chauffante antiadh\u00e9sive \u00e0 double face en fonte d\u2019aluminium, 48,3 x 27,3 cm (19 x 10,75 po). Une face plane pour la friture des aliments et une face \u00e0 rainures pour les grillades.<\/p>\n","protected":false},"excerpt":{"rendered":"<p>Plaque chauffante antiadh\u00e9sive \u00e0 double face en fonte d\u2019aluminium, 48,3 x 27,3 cm (19 x 10,75 po). Une face plane pour la friture des aliments et une face \u00e0 rainures pour les grillades.<\/p>\n","protected":false},"featured_media":1568,"template":"","meta":[],"product_cat":[92],"product_tag":[],"_links":{"self":[{"href":"https:\/\/grillpro.com\/fr\/wp-json\/wp\/v2\/product\/1660\/"}],"collection":[{"href":"https:\/\/grillpro.com\/fr\/wp-json\/wp\/v2\/product\/"}],"about":[{"href":"https:\/\/grillpro.com\/fr\/wp-json\/wp\/v2\/types\/product\/"}],"version-history":[{"count":0,"href":"https:\/\/grillpro.com\/fr\/wp-json\/wp\/v2\/product\/1660\/revisions\/"}],"wp:featuredmedia":[{"embeddable":true,"href":"https:\/\/grillpro.com\/fr\/wp-json\/wp\/v2\/media\/1568\/"}],"wp:attachment":[{"href":"https:\/\/grillpro.com\/fr\/wp-json\/wp\/v2\/media\/?parent=1660"}],"wp:term":[{"taxonomy":"product_cat","embeddable":true,"href":"https:\/\/grillpro.com\/fr\/wp-json\/wp\/v2\/product_cat\/?post=1660"},{"taxonomy":"product_tag","embeddable":true,"href":"https:\/\/grillpro.com\/fr\/wp-json\/wp\/v2\/product_tag\/?post=1660"}],"curies":[{"name":"wp","href":"https:\/\/api.w.org\/{rel}","templated":true}]}}