{"id":1661,"date":"2019-01-15T15:29:36","date_gmt":"2019-01-15T20:59:20","guid":{"rendered":"http:\/\/54.189.142.169\/grillpro\/?post_type=product&#038;p=1661"},"modified":"2019-01-15T20:59:25","modified_gmt":"2019-01-15T20:59:25","slug":"plateaux-a-rotir-legers-en-aluminium","status":"publish","type":"product","link":"https:\/\/grillpro.com\/fr\/produit\/plateaux-a-rotir-legers-en-aluminium\/","title":{"rendered":"Plateaux \u00e0 r\u00f4tir l\u00e9gers en aluminium"},"content":{"rendered":"<p>Vous souhaitez cuire un r\u00f4ti? Un poulet r\u00f4ti? Des c\u00f4tes lev\u00e9es? Dans ce cas, ces plateaux repr\u00e9sentent les accessoires parfaits pour tous les types de grillade. Pratiques et recyclables; chaque emballage comprend trois plateaux. 32,4 x 26 x 3,8 cm (12,75 x 10,25 x 1,5 po)<\/p>\n","protected":false},"excerpt":{"rendered":"<p>Vous souhaitez cuire un r\u00f4ti? Un poulet r\u00f4ti? Des c\u00f4tes lev\u00e9es? Dans ce cas, ces plateaux repr\u00e9sentent les accessoires parfaits pour tous les types de grillade. Pratiques et recyclables; chaque emballage comprend trois plateaux. 32,4 x 26 x 3,8 cm (12,75 x 10,25 x 1,5 po)<\/p>\n","protected":false},"featured_media":1577,"template":"","meta":[],"product_cat":[92],"product_tag":[],"_links":{"self":[{"href":"https:\/\/grillpro.com\/fr\/wp-json\/wp\/v2\/product\/1661\/"}],"collection":[{"href":"https:\/\/grillpro.com\/fr\/wp-json\/wp\/v2\/product\/"}],"about":[{"href":"https:\/\/grillpro.com\/fr\/wp-json\/wp\/v2\/types\/product\/"}],"version-history":[{"count":0,"href":"https:\/\/grillpro.com\/fr\/wp-json\/wp\/v2\/product\/1661\/revisions\/"}],"wp:featuredmedia":[{"embeddable":true,"href":"https:\/\/grillpro.com\/fr\/wp-json\/wp\/v2\/media\/1577\/"}],"wp:attachment":[{"href":"https:\/\/grillpro.com\/fr\/wp-json\/wp\/v2\/media\/?parent=1661"}],"wp:term":[{"taxonomy":"product_cat","embeddable":true,"href":"https:\/\/grillpro.com\/fr\/wp-json\/wp\/v2\/product_cat\/?post=1661"},{"taxonomy":"product_tag","embeddable":true,"href":"https:\/\/grillpro.com\/fr\/wp-json\/wp\/v2\/product_tag\/?post=1661"}],"curies":[{"name":"wp","href":"https:\/\/api.w.org\/{rel}","templated":true}]}}