{"id":1765,"date":"2019-01-16T19:22:50","date_gmt":"2019-01-16T19:22:50","guid":{"rendered":"http:\/\/54.189.142.169\/grillpro\/?post_type=product&#038;p=1765"},"modified":"2019-01-16T19:22:55","modified_gmt":"2019-01-16T19:22:55","slug":"faitout-en-fonte","status":"publish","type":"product","link":"https:\/\/grillpro.com\/fr\/produit\/faitout-en-fonte\/","title":{"rendered":"Faitout en fonte"},"content":{"rendered":"<p>Apportant une touche rustique de la cuisine au barbecue, ce faitout en fonte est un outil essentiel pour la cuisson des mets mijot\u00e9s longuement et \u00e0 feu doux. Id\u00e9al pour saisir et cuire les aliments lors de la pr\u00e9paration d&rsquo;un repas, cette marmite de 4,7 L (5 pintes) convient pour la cuisson sur le br\u00fbleur lat\u00e9ral et sur la grille du barbecue. Le fini de porcelaine mat est ultra r\u00e9sistant et id\u00e9al pour la cuisson pour le barbecue. L&rsquo;enduit huil\u00e9 prot\u00e8ge la surface d&rsquo;origine du r\u00e9cipient; comme pour tout r\u00e9cipient de fonte, il faut toujours appr\u00eater la surface avant l&rsquo;utilisation.<\/p>\n","protected":false},"excerpt":{"rendered":"<p>Apportant une touche rustique de la cuisine au barbecue, ce faitout en fonte est un outil essentiel pour la cuisson des mets mijot\u00e9s longuement et \u00e0 feu doux. Id\u00e9al pour saisir et cuire les aliments lors de la pr\u00e9paration d&rsquo;un repas, cette marmite de 4,7 L (5 pintes) convient pour la cuisson sur le br\u00fbleur &hellip; <\/p>\n<p class=\"link-more\"><a href=\"https:\/\/grillpro.com\/fr\/produit\/faitout-en-fonte\/\" class=\"more-link\">Continue reading<span class=\"screen-reader-text\"> \u00ab\u00a0Faitout en fonte\u00a0\u00bb<\/span><\/a><\/p>\n","protected":false},"featured_media":1766,"template":"","meta":[],"product_cat":[94],"product_tag":[],"_links":{"self":[{"href":"https:\/\/grillpro.com\/fr\/wp-json\/wp\/v2\/product\/1765\/"}],"collection":[{"href":"https:\/\/grillpro.com\/fr\/wp-json\/wp\/v2\/product\/"}],"about":[{"href":"https:\/\/grillpro.com\/fr\/wp-json\/wp\/v2\/types\/product\/"}],"version-history":[{"count":0,"href":"https:\/\/grillpro.com\/fr\/wp-json\/wp\/v2\/product\/1765\/revisions\/"}],"wp:featuredmedia":[{"embeddable":true,"href":"https:\/\/grillpro.com\/fr\/wp-json\/wp\/v2\/media\/1766\/"}],"wp:attachment":[{"href":"https:\/\/grillpro.com\/fr\/wp-json\/wp\/v2\/media\/?parent=1765"}],"wp:term":[{"taxonomy":"product_cat","embeddable":true,"href":"https:\/\/grillpro.com\/fr\/wp-json\/wp\/v2\/product_cat\/?post=1765"},{"taxonomy":"product_tag","embeddable":true,"href":"https:\/\/grillpro.com\/fr\/wp-json\/wp\/v2\/product_tag\/?post=1765"}],"curies":[{"name":"wp","href":"https:\/\/api.w.org\/{rel}","templated":true}]}}