{"id":1775,"date":"2019-01-16T14:24:36","date_gmt":"2019-01-16T20:19:21","guid":{"rendered":"http:\/\/54.189.142.169\/grillpro\/?post_type=product&#038;p=1775"},"modified":"2019-01-16T20:19:25","modified_gmt":"2019-01-16T20:19:25","slug":"presse-panini-en-fonte","status":"publish","type":"product","link":"https:\/\/grillpro.com\/fr\/produit\/presse-panini-en-fonte\/","title":{"rendered":"Presse\u2013panini en fonte"},"content":{"rendered":"<p>Faite de fonte robuste, le presse\u2013panini GrillPro peut conserver la chaleur et exercer une pression ad\u00e9quate sur les aliments pour obtenir des r\u00e9sultats optimaux. La plaque presse\u2013panini est r\u00e9versible; elle comporte une surface rainur\u00e9e et une surface lisse pour cr\u00e9er des marques de grillade sur un panini ou pour aplatir des boulettes de hamburger juteuses et uniformes. De plus, le presse\u2013panini est con\u00e7u pour la cuisson avec le po\u00ealon en fonte GrillPro 91568. 21,6 x 21,6 cm (8,5 x 8,5 po).<\/p>\n","protected":false},"excerpt":{"rendered":"<p>Faite de fonte robuste, le presse\u2013panini GrillPro peut conserver la chaleur et exercer une pression ad\u00e9quate sur les aliments pour obtenir des r\u00e9sultats optimaux. La plaque presse\u2013panini est r\u00e9versible; elle comporte une surface rainur\u00e9e et une surface lisse pour cr\u00e9er des marques de grillade sur un panini ou pour aplatir des boulettes de hamburger juteuses &hellip; <\/p>\n<p class=\"link-more\"><a href=\"https:\/\/grillpro.com\/fr\/produit\/presse-panini-en-fonte\/\" class=\"more-link\">Continue reading<span class=\"screen-reader-text\"> \u00ab\u00a0Presse\u2013panini en fonte\u00a0\u00bb<\/span><\/a><\/p>\n","protected":false},"featured_media":1673,"template":"","meta":[],"product_cat":[94],"product_tag":[],"_links":{"self":[{"href":"https:\/\/grillpro.com\/fr\/wp-json\/wp\/v2\/product\/1775\/"}],"collection":[{"href":"https:\/\/grillpro.com\/fr\/wp-json\/wp\/v2\/product\/"}],"about":[{"href":"https:\/\/grillpro.com\/fr\/wp-json\/wp\/v2\/types\/product\/"}],"version-history":[{"count":0,"href":"https:\/\/grillpro.com\/fr\/wp-json\/wp\/v2\/product\/1775\/revisions\/"}],"wp:featuredmedia":[{"embeddable":true,"href":"https:\/\/grillpro.com\/fr\/wp-json\/wp\/v2\/media\/1673\/"}],"wp:attachment":[{"href":"https:\/\/grillpro.com\/fr\/wp-json\/wp\/v2\/media\/?parent=1775"}],"wp:term":[{"taxonomy":"product_cat","embeddable":true,"href":"https:\/\/grillpro.com\/fr\/wp-json\/wp\/v2\/product_cat\/?post=1775"},{"taxonomy":"product_tag","embeddable":true,"href":"https:\/\/grillpro.com\/fr\/wp-json\/wp\/v2\/product_tag\/?post=1775"}],"curies":[{"name":"wp","href":"https:\/\/api.w.org\/{rel}","templated":true}]}}