{"id":1778,"date":"2019-01-16T14:34:35","date_gmt":"2019-01-21T15:09:44","guid":{"rendered":"http:\/\/54.189.142.169\/grillpro\/?post_type=product&#038;p=1778"},"modified":"2019-01-21T15:09:48","modified_gmt":"2019-01-21T15:09:48","slug":"support-a-rotir-pour-volaille","status":"publish","type":"product","link":"https:\/\/grillpro.com\/fr\/produit\/support-a-rotir-pour-volaille\/","title":{"rendered":"Support \u00e0 r\u00f4tir pour volaille"},"content":{"rendered":"<p>Support \u00e0 r\u00f4tir chrom\u00e9 pour volaille procurant une plateforme stable pour cuire un poulet \u00e0 la canette de bi\u00e8re.<\/p>\n","protected":false},"excerpt":{"rendered":"<p>Support \u00e0 r\u00f4tir chrom\u00e9 pour volaille procurant une plateforme stable pour cuire un poulet \u00e0 la canette de bi\u00e8re.<\/p>\n","protected":false},"featured_media":1692,"template":"","meta":[],"product_cat":[94],"product_tag":[],"_links":{"self":[{"href":"https:\/\/grillpro.com\/fr\/wp-json\/wp\/v2\/product\/1778\/"}],"collection":[{"href":"https:\/\/grillpro.com\/fr\/wp-json\/wp\/v2\/product\/"}],"about":[{"href":"https:\/\/grillpro.com\/fr\/wp-json\/wp\/v2\/types\/product\/"}],"version-history":[{"count":0,"href":"https:\/\/grillpro.com\/fr\/wp-json\/wp\/v2\/product\/1778\/revisions\/"}],"wp:featuredmedia":[{"embeddable":true,"href":"https:\/\/grillpro.com\/fr\/wp-json\/wp\/v2\/media\/1692\/"}],"wp:attachment":[{"href":"https:\/\/grillpro.com\/fr\/wp-json\/wp\/v2\/media\/?parent=1778"}],"wp:term":[{"taxonomy":"product_cat","embeddable":true,"href":"https:\/\/grillpro.com\/fr\/wp-json\/wp\/v2\/product_cat\/?post=1778"},{"taxonomy":"product_tag","embeddable":true,"href":"https:\/\/grillpro.com\/fr\/wp-json\/wp\/v2\/product_tag\/?post=1778"}],"curies":[{"name":"wp","href":"https:\/\/api.w.org\/{rel}","templated":true}]}}