{"id":1782,"date":"2019-01-16T14:49:40","date_gmt":"2019-01-21T18:09:17","guid":{"rendered":"http:\/\/54.189.142.169\/grillpro\/?post_type=product&#038;p=1782"},"modified":"2019-01-21T18:09:23","modified_gmt":"2019-01-21T18:09:23","slug":"rotissoire-a-bacon","status":"publish","type":"product","link":"https:\/\/grillpro.com\/fr\/produit\/rotissoire-a-bacon\/","title":{"rendered":"R\u00f4tissoire \u00e0 bacon"},"content":{"rendered":"<p>Support pratique et pliant pour r\u00f4tir le bacon avec l\u00e8chefrite en acier inoxydable. La l\u00e8chefrite r\u00e9cup\u00e8re le gras de bacon pour emp\u00eacher la calcination et les flamb\u00e9es; le support garantit la cuisson par convection simultan\u00e9e des deux c\u00f4t\u00e9s des tranches. Vous obtenez un bacon charnu et croustillant lors de chaque utilisation.<\/p>\n","protected":false},"excerpt":{"rendered":"<p>Support pratique et pliant pour r\u00f4tir le bacon avec l\u00e8chefrite en acier inoxydable. La l\u00e8chefrite r\u00e9cup\u00e8re le gras de bacon pour emp\u00eacher la calcination et les flamb\u00e9es; le support garantit la cuisson par convection simultan\u00e9e des deux c\u00f4t\u00e9s des tranches. Vous obtenez un bacon charnu et croustillant lors de chaque utilisation.<\/p>\n","protected":false},"featured_media":1736,"template":"","meta":[],"product_cat":[94],"product_tag":[],"_links":{"self":[{"href":"https:\/\/grillpro.com\/fr\/wp-json\/wp\/v2\/product\/1782\/"}],"collection":[{"href":"https:\/\/grillpro.com\/fr\/wp-json\/wp\/v2\/product\/"}],"about":[{"href":"https:\/\/grillpro.com\/fr\/wp-json\/wp\/v2\/types\/product\/"}],"version-history":[{"count":0,"href":"https:\/\/grillpro.com\/fr\/wp-json\/wp\/v2\/product\/1782\/revisions\/"}],"wp:featuredmedia":[{"embeddable":true,"href":"https:\/\/grillpro.com\/fr\/wp-json\/wp\/v2\/media\/1736\/"}],"wp:attachment":[{"href":"https:\/\/grillpro.com\/fr\/wp-json\/wp\/v2\/media\/?parent=1782"}],"wp:term":[{"taxonomy":"product_cat","embeddable":true,"href":"https:\/\/grillpro.com\/fr\/wp-json\/wp\/v2\/product_cat\/?post=1782"},{"taxonomy":"product_tag","embeddable":true,"href":"https:\/\/grillpro.com\/fr\/wp-json\/wp\/v2\/product_tag\/?post=1782"}],"curies":[{"name":"wp","href":"https:\/\/api.w.org\/{rel}","templated":true}]}}