{"id":1836,"date":"2019-01-21T19:05:20","date_gmt":"2019-01-21T19:07:06","guid":{"rendered":"http:\/\/54.189.142.169\/grillpro\/?post_type=product&#038;p=1836"},"modified":"2019-01-21T19:07:12","modified_gmt":"2019-01-21T19:07:12","slug":"grand-panier-a-poisson","status":"publish","type":"product","link":"https:\/\/grillpro.com\/fr\/produit\/grand-panier-a-poisson\/","title":{"rendered":"Grand panier \u00e0 poisson"},"content":{"rendered":"<p>Ce panier grillag\u00e9 de luxe pour r\u00f4tir le poisson peut contenir un poisson entier d&rsquo;une longueur maximale de 40,6 cm (16 po). Comporte une poign\u00e9e amovible \u00e0 prise souple et un couvercle verrouillable.<\/p>\n","protected":false},"excerpt":{"rendered":"<p>Ce panier grillag\u00e9 de luxe pour r\u00f4tir le poisson peut contenir un poisson entier d&rsquo;une longueur maximale de 40,6 cm (16 po). Comporte une poign\u00e9e amovible \u00e0 prise souple et un couvercle verrouillable.<\/p>\n","protected":false},"featured_media":1829,"template":"","meta":[],"product_cat":[93],"product_tag":[],"_links":{"self":[{"href":"https:\/\/grillpro.com\/fr\/wp-json\/wp\/v2\/product\/1836\/"}],"collection":[{"href":"https:\/\/grillpro.com\/fr\/wp-json\/wp\/v2\/product\/"}],"about":[{"href":"https:\/\/grillpro.com\/fr\/wp-json\/wp\/v2\/types\/product\/"}],"version-history":[{"count":0,"href":"https:\/\/grillpro.com\/fr\/wp-json\/wp\/v2\/product\/1836\/revisions\/"}],"wp:featuredmedia":[{"embeddable":true,"href":"https:\/\/grillpro.com\/fr\/wp-json\/wp\/v2\/media\/1829\/"}],"wp:attachment":[{"href":"https:\/\/grillpro.com\/fr\/wp-json\/wp\/v2\/media\/?parent=1836"}],"wp:term":[{"taxonomy":"product_cat","embeddable":true,"href":"https:\/\/grillpro.com\/fr\/wp-json\/wp\/v2\/product_cat\/?post=1836"},{"taxonomy":"product_tag","embeddable":true,"href":"https:\/\/grillpro.com\/fr\/wp-json\/wp\/v2\/product_tag\/?post=1836"}],"curies":[{"name":"wp","href":"https:\/\/api.w.org\/{rel}","templated":true}]}}