{"id":1837,"date":"2019-01-21T19:10:07","date_gmt":"2019-01-21T19:10:07","guid":{"rendered":"http:\/\/54.189.142.169\/grillpro\/?post_type=product&#038;p=1837"},"modified":"2019-01-21T19:10:16","modified_gmt":"2019-01-21T19:10:16","slug":"panier-rotissoire-antiadhesif","status":"publish","type":"product","link":"https:\/\/grillpro.com\/fr\/produit\/panier-rotissoire-antiadhesif\/","title":{"rendered":"Panier-r\u00f4tissoire antiadh\u00e9sif"},"content":{"rendered":"<p>Grand panier-r\u00f4tissoire antiadh\u00e9sif qui se fixe au tournebroche.<\/p>\n","protected":false},"excerpt":{"rendered":"<p>Grand panier-r\u00f4tissoire antiadh\u00e9sif qui se fixe au tournebroche.<\/p>\n","protected":false},"featured_media":1838,"template":"","meta":[],"product_cat":[93],"product_tag":[],"_links":{"self":[{"href":"https:\/\/grillpro.com\/fr\/wp-json\/wp\/v2\/product\/1837\/"}],"collection":[{"href":"https:\/\/grillpro.com\/fr\/wp-json\/wp\/v2\/product\/"}],"about":[{"href":"https:\/\/grillpro.com\/fr\/wp-json\/wp\/v2\/types\/product\/"}],"version-history":[{"count":0,"href":"https:\/\/grillpro.com\/fr\/wp-json\/wp\/v2\/product\/1837\/revisions\/"}],"wp:featuredmedia":[{"embeddable":true,"href":"https:\/\/grillpro.com\/fr\/wp-json\/wp\/v2\/media\/1838\/"}],"wp:attachment":[{"href":"https:\/\/grillpro.com\/fr\/wp-json\/wp\/v2\/media\/?parent=1837"}],"wp:term":[{"taxonomy":"product_cat","embeddable":true,"href":"https:\/\/grillpro.com\/fr\/wp-json\/wp\/v2\/product_cat\/?post=1837"},{"taxonomy":"product_tag","embeddable":true,"href":"https:\/\/grillpro.com\/fr\/wp-json\/wp\/v2\/product_tag\/?post=1837"}],"curies":[{"name":"wp","href":"https:\/\/api.w.org\/{rel}","templated":true}]}}