{"id":1899,"date":"2019-01-22T14:47:21","date_gmt":"2019-01-22T15:19:57","guid":{"rendered":"http:\/\/54.189.142.169\/grillpro\/?post_type=product&#038;p=1899"},"modified":"2019-01-22T15:36:19","modified_gmt":"2019-01-22T15:36:19","slug":"jeu-de-six-brochettes-en-acier-inoxydable-de-559-cm-22-po","status":"publish","type":"product","link":"https:\/\/grillpro.com\/fr\/produit\/jeu-de-six-brochettes-en-acier-inoxydable-de-559-cm-22-po\/","title":{"rendered":"Jeu de six brochettes en acier inoxydable de 55,9 cm (22 po)"},"content":{"rendered":"<p>Jeu de six brochettes en V de 55,9 cm (22 po), en acier inoxydable, avec poign\u00e9e en bois et manchon fixe en silicone. Le manchon fixe en silicone ralentit le r\u00e9chauffement de la poign\u00e9e.<\/p>\n","protected":false},"excerpt":{"rendered":"<p>Jeu de six brochettes en V de 55,9 cm (22 po), en acier inoxydable, avec poign\u00e9e en bois et manchon fixe en silicone. Le manchon fixe en silicone ralentit le r\u00e9chauffement de la poign\u00e9e.<\/p>\n","protected":false},"featured_media":1862,"template":"","meta":[],"product_cat":[95],"product_tag":[],"_links":{"self":[{"href":"https:\/\/grillpro.com\/fr\/wp-json\/wp\/v2\/product\/1899\/"}],"collection":[{"href":"https:\/\/grillpro.com\/fr\/wp-json\/wp\/v2\/product\/"}],"about":[{"href":"https:\/\/grillpro.com\/fr\/wp-json\/wp\/v2\/types\/product\/"}],"version-history":[{"count":0,"href":"https:\/\/grillpro.com\/fr\/wp-json\/wp\/v2\/product\/1899\/revisions\/"}],"wp:featuredmedia":[{"embeddable":true,"href":"https:\/\/grillpro.com\/fr\/wp-json\/wp\/v2\/media\/1862\/"}],"wp:attachment":[{"href":"https:\/\/grillpro.com\/fr\/wp-json\/wp\/v2\/media\/?parent=1899"}],"wp:term":[{"taxonomy":"product_cat","embeddable":true,"href":"https:\/\/grillpro.com\/fr\/wp-json\/wp\/v2\/product_cat\/?post=1899"},{"taxonomy":"product_tag","embeddable":true,"href":"https:\/\/grillpro.com\/fr\/wp-json\/wp\/v2\/product_tag\/?post=1899"}],"curies":[{"name":"wp","href":"https:\/\/api.w.org\/{rel}","templated":true}]}}