{"id":1904,"date":"2019-01-22T14:52:43","date_gmt":"2019-01-22T15:46:03","guid":{"rendered":"http:\/\/54.189.142.169\/grillpro\/?post_type=product&#038;p=1904"},"modified":"2019-01-22T15:46:10","modified_gmt":"2019-01-22T15:46:10","slug":"brochettes-de-bambou-de-305-cm-12-po","status":"publish","type":"product","link":"https:\/\/grillpro.com\/fr\/produit\/brochettes-de-bambou-de-305-cm-12-po\/","title":{"rendered":"Brochettes de bambou de 30,5 cm (12 po)"},"content":{"rendered":"<p>Brochettes de bambou de 30,5 cm (12 po), \u00e9paisseur sup\u00e9rieure pour griller les kebabs. Emball\u00e9es dans un sac refermable. Paquet de 100 unit\u00e9s.<\/p>\n","protected":false},"excerpt":{"rendered":"<p>Brochettes de bambou de 30,5 cm (12 po), \u00e9paisseur sup\u00e9rieure pour griller les kebabs. Emball\u00e9es dans un sac refermable. Paquet de 100 unit\u00e9s.<\/p>\n","protected":false},"featured_media":1880,"template":"","meta":[],"product_cat":[95],"product_tag":[],"_links":{"self":[{"href":"https:\/\/grillpro.com\/fr\/wp-json\/wp\/v2\/product\/1904\/"}],"collection":[{"href":"https:\/\/grillpro.com\/fr\/wp-json\/wp\/v2\/product\/"}],"about":[{"href":"https:\/\/grillpro.com\/fr\/wp-json\/wp\/v2\/types\/product\/"}],"version-history":[{"count":0,"href":"https:\/\/grillpro.com\/fr\/wp-json\/wp\/v2\/product\/1904\/revisions\/"}],"wp:featuredmedia":[{"embeddable":true,"href":"https:\/\/grillpro.com\/fr\/wp-json\/wp\/v2\/media\/1880\/"}],"wp:attachment":[{"href":"https:\/\/grillpro.com\/fr\/wp-json\/wp\/v2\/media\/?parent=1904"}],"wp:term":[{"taxonomy":"product_cat","embeddable":true,"href":"https:\/\/grillpro.com\/fr\/wp-json\/wp\/v2\/product_cat\/?post=1904"},{"taxonomy":"product_tag","embeddable":true,"href":"https:\/\/grillpro.com\/fr\/wp-json\/wp\/v2\/product_tag\/?post=1904"}],"curies":[{"name":"wp","href":"https:\/\/api.w.org\/{rel}","templated":true}]}}