{"id":1905,"date":"2019-01-22T14:54:57","date_gmt":"2019-01-22T15:49:34","guid":{"rendered":"http:\/\/54.189.142.169\/grillpro\/?post_type=product&#038;p=1905"},"modified":"2019-01-22T15:49:37","modified_gmt":"2019-01-22T15:49:37","slug":"brochettes-de-bambou-de-254-cm-10-po","status":"publish","type":"product","link":"https:\/\/grillpro.com\/fr\/produit\/brochettes-de-bambou-de-254-cm-10-po\/","title":{"rendered":"Brochettes de bambou de 25,4 cm (10 po)"},"content":{"rendered":"<p>Brochettes de bambou de 25,4 cm (10 po). Id\u00e9ales pour griller la viande et les l\u00e9gumes. Emball\u00e9es dans un sac refermable. Paquet de 100 unit\u00e9s.<\/p>\n","protected":false},"excerpt":{"rendered":"<p>Brochettes de bambou de 25,4 cm (10 po). Id\u00e9ales pour griller la viande et les l\u00e9gumes. Emball\u00e9es dans un sac refermable. Paquet de 100 unit\u00e9s.<\/p>\n","protected":false},"featured_media":1887,"template":"","meta":[],"product_cat":[95],"product_tag":[],"_links":{"self":[{"href":"https:\/\/grillpro.com\/fr\/wp-json\/wp\/v2\/product\/1905\/"}],"collection":[{"href":"https:\/\/grillpro.com\/fr\/wp-json\/wp\/v2\/product\/"}],"about":[{"href":"https:\/\/grillpro.com\/fr\/wp-json\/wp\/v2\/types\/product\/"}],"version-history":[{"count":0,"href":"https:\/\/grillpro.com\/fr\/wp-json\/wp\/v2\/product\/1905\/revisions\/"}],"wp:featuredmedia":[{"embeddable":true,"href":"https:\/\/grillpro.com\/fr\/wp-json\/wp\/v2\/media\/1887\/"}],"wp:attachment":[{"href":"https:\/\/grillpro.com\/fr\/wp-json\/wp\/v2\/media\/?parent=1905"}],"wp:term":[{"taxonomy":"product_cat","embeddable":true,"href":"https:\/\/grillpro.com\/fr\/wp-json\/wp\/v2\/product_cat\/?post=1905"},{"taxonomy":"product_tag","embeddable":true,"href":"https:\/\/grillpro.com\/fr\/wp-json\/wp\/v2\/product_tag\/?post=1905"}],"curies":[{"name":"wp","href":"https:\/\/api.w.org\/{rel}","templated":true}]}}