{"id":1950,"date":"2019-01-22T16:20:27","date_gmt":"2019-01-22T17:34:21","guid":{"rendered":"http:\/\/54.189.142.169\/grillpro\/?post_type=product&#038;p=1950"},"modified":"2019-01-22T17:36:16","modified_gmt":"2019-01-22T17:36:16","slug":"pelle-pour-le-charbon-de-bois","status":"publish","type":"product","link":"https:\/\/grillpro.com\/fr\/produit\/pelle-pour-le-charbon-de-bois\/","title":{"rendered":"Pelle pour le charbon de bois"},"content":{"rendered":"<p>Cette pelle permet d&rsquo;\u00e9viter prendre le charbon de bois avec vos mains ainsi que les d\u00e9g\u00e2ts et la poussi\u00e8re lorsque vous transvidez le sac directement. Un outil qui facilite l&rsquo;ajout d&rsquo;une petite quantit\u00e9 de charbon. Fait de fonte d&rsquo;aluminium et con\u00e7u pour durer.<\/p>\n","protected":false},"excerpt":{"rendered":"<p>Cette pelle permet d&rsquo;\u00e9viter prendre le charbon de bois avec vos mains ainsi que les d\u00e9g\u00e2ts et la poussi\u00e8re lorsque vous transvidez le sac directement. Un outil qui facilite l&rsquo;ajout d&rsquo;une petite quantit\u00e9 de charbon. Fait de fonte d&rsquo;aluminium et con\u00e7u pour durer.<\/p>\n","protected":false},"featured_media":1937,"template":"","meta":[],"product_cat":[135],"product_tag":[],"_links":{"self":[{"href":"https:\/\/grillpro.com\/fr\/wp-json\/wp\/v2\/product\/1950\/"}],"collection":[{"href":"https:\/\/grillpro.com\/fr\/wp-json\/wp\/v2\/product\/"}],"about":[{"href":"https:\/\/grillpro.com\/fr\/wp-json\/wp\/v2\/types\/product\/"}],"version-history":[{"count":0,"href":"https:\/\/grillpro.com\/fr\/wp-json\/wp\/v2\/product\/1950\/revisions\/"}],"wp:featuredmedia":[{"embeddable":true,"href":"https:\/\/grillpro.com\/fr\/wp-json\/wp\/v2\/media\/1937\/"}],"wp:attachment":[{"href":"https:\/\/grillpro.com\/fr\/wp-json\/wp\/v2\/media\/?parent=1950"}],"wp:term":[{"taxonomy":"product_cat","embeddable":true,"href":"https:\/\/grillpro.com\/fr\/wp-json\/wp\/v2\/product_cat\/?post=1950"},{"taxonomy":"product_tag","embeddable":true,"href":"https:\/\/grillpro.com\/fr\/wp-json\/wp\/v2\/product_tag\/?post=1950"}],"curies":[{"name":"wp","href":"https:\/\/api.w.org\/{rel}","templated":true}]}}