{"id":1951,"date":"2019-01-22T15:58:54","date_gmt":"2019-01-22T17:46:33","guid":{"rendered":"http:\/\/54.189.142.169\/grillpro\/?post_type=product&#038;p=1951"},"modified":"2019-01-22T17:46:38","modified_gmt":"2019-01-22T17:46:38","slug":"cheminee-dallumage-pour-charbon-de-bois","status":"publish","type":"product","link":"https:\/\/grillpro.com\/fr\/produit\/cheminee-dallumage-pour-charbon-de-bois\/","title":{"rendered":"Chemin\u00e9e d\u2019allumage pour charbon de bois"},"content":{"rendered":"<p>Pour allumer le charbon de bois sans allume-feu liquide. Capacit\u00e9 de 4 lb de charbon de bois. Pr\u00eat \u00e0 utiliser en dix minutes.<\/p>\n","protected":false},"excerpt":{"rendered":"<p>Pour allumer le charbon de bois sans allume-feu liquide. Capacit\u00e9 de 4 lb de charbon de bois. Pr\u00eat \u00e0 utiliser en dix minutes.<\/p>\n","protected":false},"featured_media":2687,"template":"","meta":[],"product_cat":[135],"product_tag":[],"_links":{"self":[{"href":"https:\/\/grillpro.com\/fr\/wp-json\/wp\/v2\/product\/1951\/"}],"collection":[{"href":"https:\/\/grillpro.com\/fr\/wp-json\/wp\/v2\/product\/"}],"about":[{"href":"https:\/\/grillpro.com\/fr\/wp-json\/wp\/v2\/types\/product\/"}],"version-history":[{"count":0,"href":"https:\/\/grillpro.com\/fr\/wp-json\/wp\/v2\/product\/1951\/revisions\/"}],"wp:featuredmedia":[{"embeddable":true,"href":"https:\/\/grillpro.com\/fr\/wp-json\/wp\/v2\/media\/2687\/"}],"wp:attachment":[{"href":"https:\/\/grillpro.com\/fr\/wp-json\/wp\/v2\/media\/?parent=1951"}],"wp:term":[{"taxonomy":"product_cat","embeddable":true,"href":"https:\/\/grillpro.com\/fr\/wp-json\/wp\/v2\/product_cat\/?post=1951"},{"taxonomy":"product_tag","embeddable":true,"href":"https:\/\/grillpro.com\/fr\/wp-json\/wp\/v2\/product_tag\/?post=1951"}],"curies":[{"name":"wp","href":"https:\/\/api.w.org\/{rel}","templated":true}]}}