{"id":2024,"date":"2019-01-22T20:47:28","date_gmt":"2019-01-22T21:21:57","guid":{"rendered":"http:\/\/54.189.142.169\/grillpro\/?post_type=product&#038;p=2024"},"modified":"2019-01-22T21:22:02","modified_gmt":"2019-01-22T21:22:02","slug":"planches-de-cuisson-en-erable","status":"publish","type":"product","link":"https:\/\/grillpro.com\/fr\/produit\/planches-de-cuisson-en-erable\/","title":{"rendered":"Planches de Cuisson en \u00c9rable"},"content":{"rendered":"<p>2 Planches &#8211; 13.34cm x 30.18cm x 0.79cm. 100% \u00e9rable Canadien. Les planches de cuisson en \u00e9rable sont id\u00e9ales pour cuire toutes les viandes et poissons, et transmettront une douce saveur fum\u00e9e d&rsquo;\u00e9rable \u00e0 vos grillades.<\/p>\n","protected":false},"excerpt":{"rendered":"<p>2 Planches &#8211; 13.34cm x 30.18cm x 0.79cm. 100% \u00e9rable Canadien. Les planches de cuisson en \u00e9rable sont id\u00e9ales pour cuire toutes les viandes et poissons, et transmettront une douce saveur fum\u00e9e d&rsquo;\u00e9rable \u00e0 vos grillades.<\/p>\n","protected":false},"featured_media":2710,"template":"","meta":[],"product_cat":[89],"product_tag":[],"_links":{"self":[{"href":"https:\/\/grillpro.com\/fr\/wp-json\/wp\/v2\/product\/2024\/"}],"collection":[{"href":"https:\/\/grillpro.com\/fr\/wp-json\/wp\/v2\/product\/"}],"about":[{"href":"https:\/\/grillpro.com\/fr\/wp-json\/wp\/v2\/types\/product\/"}],"version-history":[{"count":0,"href":"https:\/\/grillpro.com\/fr\/wp-json\/wp\/v2\/product\/2024\/revisions\/"}],"wp:featuredmedia":[{"embeddable":true,"href":"https:\/\/grillpro.com\/fr\/wp-json\/wp\/v2\/media\/2710\/"}],"wp:attachment":[{"href":"https:\/\/grillpro.com\/fr\/wp-json\/wp\/v2\/media\/?parent=2024"}],"wp:term":[{"taxonomy":"product_cat","embeddable":true,"href":"https:\/\/grillpro.com\/fr\/wp-json\/wp\/v2\/product_cat\/?post=2024"},{"taxonomy":"product_tag","embeddable":true,"href":"https:\/\/grillpro.com\/fr\/wp-json\/wp\/v2\/product_tag\/?post=2024"}],"curies":[{"name":"wp","href":"https:\/\/api.w.org\/{rel}","templated":true}]}}