{"id":2283,"date":"2019-01-28T19:22:26","date_gmt":"2019-01-28T20:23:05","guid":{"rendered":"http:\/\/54.189.142.169\/grillpro\/?post_type=product&#038;p=2283"},"modified":"2019-01-28T20:23:14","modified_gmt":"2019-01-28T20:23:14","slug":"regulateur-et-tuyau-qcc-1-de-61-cm-24-po-de-rechange","status":"publish","type":"product","link":"https:\/\/grillpro.com\/fr\/produit\/regulateur-et-tuyau-qcc-1-de-61-cm-24-po-de-rechange\/","title":{"rendered":"R\u00e9gulateur et tuyau QCC-1 de 61 cm (24 po) de rechange."},"content":{"rendered":"<p>R\u00e9gulateur et tuyau QCC-1 de 61 cm (24 po) avec tuyau pour br\u00fbleur lat\u00e9ral.<\/p>\n","protected":false},"excerpt":{"rendered":"<p>R\u00e9gulateur et tuyau QCC-1 de 61 cm (24 po) avec tuyau pour br\u00fbleur lat\u00e9ral.<\/p>\n","protected":false},"featured_media":2243,"template":"","meta":[],"product_cat":[103],"product_tag":[],"_links":{"self":[{"href":"https:\/\/grillpro.com\/fr\/wp-json\/wp\/v2\/product\/2283\/"}],"collection":[{"href":"https:\/\/grillpro.com\/fr\/wp-json\/wp\/v2\/product\/"}],"about":[{"href":"https:\/\/grillpro.com\/fr\/wp-json\/wp\/v2\/types\/product\/"}],"version-history":[{"count":0,"href":"https:\/\/grillpro.com\/fr\/wp-json\/wp\/v2\/product\/2283\/revisions\/"}],"wp:featuredmedia":[{"embeddable":true,"href":"https:\/\/grillpro.com\/fr\/wp-json\/wp\/v2\/media\/2243\/"}],"wp:attachment":[{"href":"https:\/\/grillpro.com\/fr\/wp-json\/wp\/v2\/media\/?parent=2283"}],"wp:term":[{"taxonomy":"product_cat","embeddable":true,"href":"https:\/\/grillpro.com\/fr\/wp-json\/wp\/v2\/product_cat\/?post=2283"},{"taxonomy":"product_tag","embeddable":true,"href":"https:\/\/grillpro.com\/fr\/wp-json\/wp\/v2\/product_tag\/?post=2283"}],"curies":[{"name":"wp","href":"https:\/\/api.w.org\/{rel}","templated":true}]}}