{"id":2284,"date":"2019-01-28T19:25:45","date_gmt":"2019-01-28T20:26:03","guid":{"rendered":"http:\/\/54.189.142.169\/grillpro\/?post_type=product&#038;p=2284"},"modified":"2019-01-28T20:26:07","modified_gmt":"2019-01-28T20:26:07","slug":"tuyau-a-deconnexion-rapide-pour-gaz-naturel","status":"publish","type":"product","link":"https:\/\/grillpro.com\/fr\/produit\/tuyau-a-deconnexion-rapide-pour-gaz-naturel\/","title":{"rendered":"Tuyau \u00e0 d\u00e9connexion rapide pour gaz naturel"},"content":{"rendered":"<p>Tuyau de 304,8 cm (10 pi) pour gaz naturel avec raccord \u00e0 d\u00e9connexion rapide. Pour appareil \u00e0 gaz naturel.<\/p>\n","protected":false},"excerpt":{"rendered":"<p>Tuyau de 304,8 cm (10 pi) pour gaz naturel avec raccord \u00e0 d\u00e9connexion rapide. Pour appareil \u00e0 gaz naturel.<\/p>\n","protected":false},"featured_media":2248,"template":"","meta":[],"product_cat":[103],"product_tag":[],"_links":{"self":[{"href":"https:\/\/grillpro.com\/fr\/wp-json\/wp\/v2\/product\/2284\/"}],"collection":[{"href":"https:\/\/grillpro.com\/fr\/wp-json\/wp\/v2\/product\/"}],"about":[{"href":"https:\/\/grillpro.com\/fr\/wp-json\/wp\/v2\/types\/product\/"}],"version-history":[{"count":0,"href":"https:\/\/grillpro.com\/fr\/wp-json\/wp\/v2\/product\/2284\/revisions\/"}],"wp:featuredmedia":[{"embeddable":true,"href":"https:\/\/grillpro.com\/fr\/wp-json\/wp\/v2\/media\/2248\/"}],"wp:attachment":[{"href":"https:\/\/grillpro.com\/fr\/wp-json\/wp\/v2\/media\/?parent=2284"}],"wp:term":[{"taxonomy":"product_cat","embeddable":true,"href":"https:\/\/grillpro.com\/fr\/wp-json\/wp\/v2\/product_cat\/?post=2284"},{"taxonomy":"product_tag","embeddable":true,"href":"https:\/\/grillpro.com\/fr\/wp-json\/wp\/v2\/product_tag\/?post=2284"}],"curies":[{"name":"wp","href":"https:\/\/api.w.org\/{rel}","templated":true}]}}