{"id":2385,"date":"2019-01-30T20:39:24","date_gmt":"2019-01-30T21:41:31","guid":{"rendered":"http:\/\/54.189.142.169\/grillpro\/?post_type=product&#038;p=2385"},"modified":"2019-01-30T21:41:37","modified_gmt":"2019-01-30T21:41:37","slug":"grille-de-cuisson-emaillee-format-petit-moyen","status":"publish","type":"product","link":"https:\/\/grillpro.com\/fr\/produit\/grille-de-cuisson-emaillee-format-petit-moyen\/","title":{"rendered":"Grille de cuisson \u00e9maill\u00e9e, format petit\/moyen"},"content":{"rendered":"<p>R\u00e9glable de 43,2 x 29,8 cm (17 x 11,75 po) \u00e0 53,3 x 36,8 cm (21 x 14,5 po). Grille en acier \u00e9maill\u00e9 tr\u00e8s r\u00e9sistant, ajustement universel, largeur et profondeur r\u00e9glables. Grilles plates de style \u00ab grilladerie \u00bb.<\/p>\n","protected":false},"excerpt":{"rendered":"<p>R\u00e9glable de 43,2 x 29,8 cm (17 x 11,75 po) \u00e0 53,3 x 36,8 cm (21 x 14,5 po). Grille en acier \u00e9maill\u00e9 tr\u00e8s r\u00e9sistant, ajustement universel, largeur et profondeur r\u00e9glables. Grilles plates de style \u00ab grilladerie \u00bb.<\/p>\n","protected":false},"featured_media":2358,"template":"","meta":[],"product_cat":[88],"product_tag":[],"_links":{"self":[{"href":"https:\/\/grillpro.com\/fr\/wp-json\/wp\/v2\/product\/2385\/"}],"collection":[{"href":"https:\/\/grillpro.com\/fr\/wp-json\/wp\/v2\/product\/"}],"about":[{"href":"https:\/\/grillpro.com\/fr\/wp-json\/wp\/v2\/types\/product\/"}],"version-history":[{"count":0,"href":"https:\/\/grillpro.com\/fr\/wp-json\/wp\/v2\/product\/2385\/revisions\/"}],"wp:featuredmedia":[{"embeddable":true,"href":"https:\/\/grillpro.com\/fr\/wp-json\/wp\/v2\/media\/2358\/"}],"wp:attachment":[{"href":"https:\/\/grillpro.com\/fr\/wp-json\/wp\/v2\/media\/?parent=2385"}],"wp:term":[{"taxonomy":"product_cat","embeddable":true,"href":"https:\/\/grillpro.com\/fr\/wp-json\/wp\/v2\/product_cat\/?post=2385"},{"taxonomy":"product_tag","embeddable":true,"href":"https:\/\/grillpro.com\/fr\/wp-json\/wp\/v2\/product_tag\/?post=2385"}],"curies":[{"name":"wp","href":"https:\/\/api.w.org\/{rel}","templated":true}]}}