{"id":2386,"date":"2019-01-30T20:43:59","date_gmt":"2019-01-30T21:42:58","guid":{"rendered":"http:\/\/54.189.142.169\/grillpro\/?post_type=product&#038;p=2386"},"modified":"2019-01-30T21:43:05","modified_gmt":"2019-01-30T21:43:05","slug":"grille-de-cuisson-emaillee-format-large-extralarge","status":"publish","type":"product","link":"https:\/\/grillpro.com\/fr\/produit\/grille-de-cuisson-emaillee-format-large-extralarge\/","title":{"rendered":"Grille de cuisson \u00e9maill\u00e9e, format large\/extralarge"},"content":{"rendered":"<p>R\u00e9glable de 54,6 x 34,3 cm (21,5 x 13,5 po) \u00e0 62,2 x 41,9 cm (24,5 x 16,5 po). Grille en acier \u00e9maill\u00e9 tr\u00e8s r\u00e9sistant, ajustement universel, largeur et profondeur r\u00e9glables.<\/p>\n","protected":false},"excerpt":{"rendered":"<p>R\u00e9glable de 54,6 x 34,3 cm (21,5 x 13,5 po) \u00e0 62,2 x 41,9 cm (24,5 x 16,5 po). Grille en acier \u00e9maill\u00e9 tr\u00e8s r\u00e9sistant, ajustement universel, largeur et profondeur r\u00e9glables.<\/p>\n","protected":false},"featured_media":2364,"template":"","meta":[],"product_cat":[88],"product_tag":[],"_links":{"self":[{"href":"https:\/\/grillpro.com\/fr\/wp-json\/wp\/v2\/product\/2386\/"}],"collection":[{"href":"https:\/\/grillpro.com\/fr\/wp-json\/wp\/v2\/product\/"}],"about":[{"href":"https:\/\/grillpro.com\/fr\/wp-json\/wp\/v2\/types\/product\/"}],"version-history":[{"count":0,"href":"https:\/\/grillpro.com\/fr\/wp-json\/wp\/v2\/product\/2386\/revisions\/"}],"wp:featuredmedia":[{"embeddable":true,"href":"https:\/\/grillpro.com\/fr\/wp-json\/wp\/v2\/media\/2364\/"}],"wp:attachment":[{"href":"https:\/\/grillpro.com\/fr\/wp-json\/wp\/v2\/media\/?parent=2386"}],"wp:term":[{"taxonomy":"product_cat","embeddable":true,"href":"https:\/\/grillpro.com\/fr\/wp-json\/wp\/v2\/product_cat\/?post=2386"},{"taxonomy":"product_tag","embeddable":true,"href":"https:\/\/grillpro.com\/fr\/wp-json\/wp\/v2\/product_tag\/?post=2386"}],"curies":[{"name":"wp","href":"https:\/\/api.w.org\/{rel}","templated":true}]}}