{"id":2435,"date":"2019-01-31T19:17:22","date_gmt":"2019-01-31T19:19:23","guid":{"rendered":"http:\/\/54.189.142.169\/grillpro\/?post_type=product&#038;p=2435"},"modified":"2019-01-31T19:19:28","modified_gmt":"2019-01-31T19:19:28","slug":"boutons-de-commande-chromes-universels","status":"publish","type":"product","link":"https:\/\/grillpro.com\/fr\/produit\/boutons-de-commande-chromes-universels\/","title":{"rendered":"Boutons de commande chrom\u00e9s universels"},"content":{"rendered":"<p>Boutons de commande universels de rechange, compatibles avec la plupart des barbecues. Compatible avec les soupapes \u00e0 longue tige et \u00e0 courte tige gr\u00e2ce aux adaptateurs compris.<\/p>\n","protected":false},"excerpt":{"rendered":"<p>Boutons de commande universels de rechange, compatibles avec la plupart des barbecues. Compatible avec les soupapes \u00e0 longue tige et \u00e0 courte tige gr\u00e2ce aux adaptateurs compris.<\/p>\n","protected":false},"featured_media":2428,"template":"","meta":[],"product_cat":[141],"product_tag":[],"_links":{"self":[{"href":"https:\/\/grillpro.com\/fr\/wp-json\/wp\/v2\/product\/2435\/"}],"collection":[{"href":"https:\/\/grillpro.com\/fr\/wp-json\/wp\/v2\/product\/"}],"about":[{"href":"https:\/\/grillpro.com\/fr\/wp-json\/wp\/v2\/types\/product\/"}],"version-history":[{"count":0,"href":"https:\/\/grillpro.com\/fr\/wp-json\/wp\/v2\/product\/2435\/revisions\/"}],"wp:featuredmedia":[{"embeddable":true,"href":"https:\/\/grillpro.com\/fr\/wp-json\/wp\/v2\/media\/2428\/"}],"wp:attachment":[{"href":"https:\/\/grillpro.com\/fr\/wp-json\/wp\/v2\/media\/?parent=2435"}],"wp:term":[{"taxonomy":"product_cat","embeddable":true,"href":"https:\/\/grillpro.com\/fr\/wp-json\/wp\/v2\/product_cat\/?post=2435"},{"taxonomy":"product_tag","embeddable":true,"href":"https:\/\/grillpro.com\/fr\/wp-json\/wp\/v2\/product_tag\/?post=2435"}],"curies":[{"name":"wp","href":"https:\/\/api.w.org\/{rel}","templated":true}]}}