{"id":2436,"date":"2019-01-31T19:14:30","date_gmt":"2019-01-31T19:21:44","guid":{"rendered":"http:\/\/54.189.142.169\/grillpro\/?post_type=product&#038;p=2436"},"modified":"2019-01-31T19:22:37","modified_gmt":"2019-01-31T19:22:37","slug":"boutons-de-commande-universels","status":"publish","type":"product","link":"https:\/\/grillpro.com\/fr\/produit\/boutons-de-commande-universels\/","title":{"rendered":"Boutons de commande universels"},"content":{"rendered":"<p>Boutons de commande universels de rechange, compatibles avec la plupart des barbecues. Compatible avec les soupapes \u00e0 longue tige et \u00e0 courte tige gr\u00e2ce aux adaptateurs compris.<\/p>\n","protected":false},"excerpt":{"rendered":"<p>Boutons de commande universels de rechange, compatibles avec la plupart des barbecues. Compatible avec les soupapes \u00e0 longue tige et \u00e0 courte tige gr\u00e2ce aux adaptateurs compris.<\/p>\n","protected":false},"featured_media":2218,"template":"","meta":[],"product_cat":[141],"product_tag":[],"_links":{"self":[{"href":"https:\/\/grillpro.com\/fr\/wp-json\/wp\/v2\/product\/2436\/"}],"collection":[{"href":"https:\/\/grillpro.com\/fr\/wp-json\/wp\/v2\/product\/"}],"about":[{"href":"https:\/\/grillpro.com\/fr\/wp-json\/wp\/v2\/types\/product\/"}],"version-history":[{"count":0,"href":"https:\/\/grillpro.com\/fr\/wp-json\/wp\/v2\/product\/2436\/revisions\/"}],"wp:featuredmedia":[{"embeddable":true,"href":"https:\/\/grillpro.com\/fr\/wp-json\/wp\/v2\/media\/2218\/"}],"wp:attachment":[{"href":"https:\/\/grillpro.com\/fr\/wp-json\/wp\/v2\/media\/?parent=2436"}],"wp:term":[{"taxonomy":"product_cat","embeddable":true,"href":"https:\/\/grillpro.com\/fr\/wp-json\/wp\/v2\/product_cat\/?post=2436"},{"taxonomy":"product_tag","embeddable":true,"href":"https:\/\/grillpro.com\/fr\/wp-json\/wp\/v2\/product_tag\/?post=2436"}],"curies":[{"name":"wp","href":"https:\/\/api.w.org\/{rel}","templated":true}]}}