{"id":2438,"date":"2019-01-31T19:02:43","date_gmt":"2019-01-31T19:23:12","guid":{"rendered":"http:\/\/54.189.142.169\/grillpro\/?post_type=product&#038;p=2438"},"modified":"2019-01-31T19:23:22","modified_gmt":"2019-01-31T19:23:22","slug":"dispositif-dallumage-a-bouton-poussoir","status":"publish","type":"product","link":"https:\/\/grillpro.com\/fr\/produit\/dispositif-dallumage-a-bouton-poussoir\/","title":{"rendered":"Dispositif d\u2019allumage \u00e0 bouton-poussoir"},"content":{"rendered":"<p>Dispositif d\u2019allumage \u00e0 bouton-poussoir, ajustement universel. Comprend des \u00e9lectrodes pour les br\u00fbleurs principaux et lat\u00e9raux.<\/p>\n","protected":false},"excerpt":{"rendered":"<p>Dispositif d\u2019allumage \u00e0 bouton-poussoir, ajustement universel. Comprend des \u00e9lectrodes pour les br\u00fbleurs principaux et lat\u00e9raux.<\/p>\n","protected":false},"featured_media":2421,"template":"","meta":[],"product_cat":[141],"product_tag":[],"_links":{"self":[{"href":"https:\/\/grillpro.com\/fr\/wp-json\/wp\/v2\/product\/2438\/"}],"collection":[{"href":"https:\/\/grillpro.com\/fr\/wp-json\/wp\/v2\/product\/"}],"about":[{"href":"https:\/\/grillpro.com\/fr\/wp-json\/wp\/v2\/types\/product\/"}],"version-history":[{"count":0,"href":"https:\/\/grillpro.com\/fr\/wp-json\/wp\/v2\/product\/2438\/revisions\/"}],"wp:featuredmedia":[{"embeddable":true,"href":"https:\/\/grillpro.com\/fr\/wp-json\/wp\/v2\/media\/2421\/"}],"wp:attachment":[{"href":"https:\/\/grillpro.com\/fr\/wp-json\/wp\/v2\/media\/?parent=2438"}],"wp:term":[{"taxonomy":"product_cat","embeddable":true,"href":"https:\/\/grillpro.com\/fr\/wp-json\/wp\/v2\/product_cat\/?post=2438"},{"taxonomy":"product_tag","embeddable":true,"href":"https:\/\/grillpro.com\/fr\/wp-json\/wp\/v2\/product_tag\/?post=2438"}],"curies":[{"name":"wp","href":"https:\/\/api.w.org\/{rel}","templated":true}]}}