{"id":2439,"date":"2019-01-31T19:04:53","date_gmt":"2019-01-31T19:24:44","guid":{"rendered":"http:\/\/54.189.142.169\/grillpro\/?post_type=product&#038;p=2439"},"modified":"2019-01-31T19:24:48","modified_gmt":"2019-01-31T19:24:48","slug":"dispositif-dallumage-electrique-a-bouton-poussoir","status":"publish","type":"product","link":"https:\/\/grillpro.com\/fr\/produit\/dispositif-dallumage-electrique-a-bouton-poussoir\/","title":{"rendered":"Dispositif d\u2019allumage \u00e9lectrique \u00e0 bouton-poussoir"},"content":{"rendered":"<p>Syst\u00e8me d\u2019allumage \u00e9lectrique, ajustement universel. Pour brancher jusqu\u2019\u00e0 trois ponts d\u2019allumage.<\/p>\n","protected":false},"excerpt":{"rendered":"<p>Syst\u00e8me d\u2019allumage \u00e9lectrique, ajustement universel. Pour brancher jusqu\u2019\u00e0 trois ponts d\u2019allumage.<\/p>\n","protected":false},"featured_media":2424,"template":"","meta":[],"product_cat":[141],"product_tag":[],"_links":{"self":[{"href":"https:\/\/grillpro.com\/fr\/wp-json\/wp\/v2\/product\/2439\/"}],"collection":[{"href":"https:\/\/grillpro.com\/fr\/wp-json\/wp\/v2\/product\/"}],"about":[{"href":"https:\/\/grillpro.com\/fr\/wp-json\/wp\/v2\/types\/product\/"}],"version-history":[{"count":0,"href":"https:\/\/grillpro.com\/fr\/wp-json\/wp\/v2\/product\/2439\/revisions\/"}],"wp:featuredmedia":[{"embeddable":true,"href":"https:\/\/grillpro.com\/fr\/wp-json\/wp\/v2\/media\/2424\/"}],"wp:attachment":[{"href":"https:\/\/grillpro.com\/fr\/wp-json\/wp\/v2\/media\/?parent=2439"}],"wp:term":[{"taxonomy":"product_cat","embeddable":true,"href":"https:\/\/grillpro.com\/fr\/wp-json\/wp\/v2\/product_cat\/?post=2439"},{"taxonomy":"product_tag","embeddable":true,"href":"https:\/\/grillpro.com\/fr\/wp-json\/wp\/v2\/product_tag\/?post=2439"}],"curies":[{"name":"wp","href":"https:\/\/api.w.org\/{rel}","templated":true}]}}