{"id":2447,"date":"2019-01-31T19:33:18","date_gmt":"2019-01-31T19:37:45","guid":{"rendered":"http:\/\/54.189.142.169\/grillpro\/?post_type=product&#038;p=2447"},"modified":"2019-01-31T19:37:48","modified_gmt":"2019-01-31T19:37:48","slug":"tapis-de-feutre-double-de-polymere-pour-barbecue","status":"publish","type":"product","link":"https:\/\/grillpro.com\/fr\/produit\/tapis-de-feutre-double-de-polymere-pour-barbecue\/","title":{"rendered":"Tapis de feutre doubl\u00e9 de polym\u00e8re pour barbecue"},"content":{"rendered":"<p>Tapis de 76,2 x 111,8 cm (30 x 44 po) \u00e0 installer sous le barbecue pour prot\u00e9ger votre terrasse de la graisse et des salet\u00e9s.<\/p>\n","protected":false},"excerpt":{"rendered":"<p>Tapis de 76,2 x 111,8 cm (30 x 44 po) \u00e0 installer sous le barbecue pour prot\u00e9ger votre terrasse de la graisse et des salet\u00e9s.<\/p>\n","protected":false},"featured_media":2442,"template":"","meta":[],"product_cat":[88],"product_tag":[],"_links":{"self":[{"href":"https:\/\/grillpro.com\/fr\/wp-json\/wp\/v2\/product\/2447\/"}],"collection":[{"href":"https:\/\/grillpro.com\/fr\/wp-json\/wp\/v2\/product\/"}],"about":[{"href":"https:\/\/grillpro.com\/fr\/wp-json\/wp\/v2\/types\/product\/"}],"version-history":[{"count":0,"href":"https:\/\/grillpro.com\/fr\/wp-json\/wp\/v2\/product\/2447\/revisions\/"}],"wp:featuredmedia":[{"embeddable":true,"href":"https:\/\/grillpro.com\/fr\/wp-json\/wp\/v2\/media\/2442\/"}],"wp:attachment":[{"href":"https:\/\/grillpro.com\/fr\/wp-json\/wp\/v2\/media\/?parent=2447"}],"wp:term":[{"taxonomy":"product_cat","embeddable":true,"href":"https:\/\/grillpro.com\/fr\/wp-json\/wp\/v2\/product_cat\/?post=2447"},{"taxonomy":"product_tag","embeddable":true,"href":"https:\/\/grillpro.com\/fr\/wp-json\/wp\/v2\/product_tag\/?post=2447"}],"curies":[{"name":"wp","href":"https:\/\/api.w.org\/{rel}","templated":true}]}}