{"id":2487,"date":"2019-02-04T16:35:58","date_gmt":"2019-02-04T18:26:55","guid":{"rendered":"http:\/\/54.189.142.169\/grillpro\/?post_type=product&#038;p=2487"},"modified":"2019-02-04T18:27:02","modified_gmt":"2019-02-04T18:27:02","slug":"housse-en-polyethylene-acetate-de-vinyle-peva-economique-de-1422-cm-56-po-pour-barbecue","status":"publish","type":"product","link":"https:\/\/grillpro.com\/fr\/produit\/housse-en-polyethylene-acetate-de-vinyle-peva-economique-de-1422-cm-56-po-pour-barbecue\/","title":{"rendered":"Housse en poly\u00e9thyl\u00e8ne ac\u00e9tate de vinyle (PEVA) \u00e9conomique de 142,2 cm (56 po) pour barbecue"},"content":{"rendered":"<p>142,2 x 53,3 x 101,6 cm (56 x 21 x 40 po) Vinyle de calibre 6\/12 avec sangles autoagrippante Velcro. Motif de losanges en relief.<\/p>\n","protected":false},"excerpt":{"rendered":"<p>142,2 x 53,3 x 101,6 cm (56 x 21 x 40 po) Vinyle de calibre 6\/12 avec sangles autoagrippante Velcro. Motif de losanges en relief.<\/p>\n","protected":false},"featured_media":2460,"template":"","meta":[],"product_cat":[88],"product_tag":[],"_links":{"self":[{"href":"https:\/\/grillpro.com\/fr\/wp-json\/wp\/v2\/product\/2487\/"}],"collection":[{"href":"https:\/\/grillpro.com\/fr\/wp-json\/wp\/v2\/product\/"}],"about":[{"href":"https:\/\/grillpro.com\/fr\/wp-json\/wp\/v2\/types\/product\/"}],"version-history":[{"count":0,"href":"https:\/\/grillpro.com\/fr\/wp-json\/wp\/v2\/product\/2487\/revisions\/"}],"wp:featuredmedia":[{"embeddable":true,"href":"https:\/\/grillpro.com\/fr\/wp-json\/wp\/v2\/media\/2460\/"}],"wp:attachment":[{"href":"https:\/\/grillpro.com\/fr\/wp-json\/wp\/v2\/media\/?parent=2487"}],"wp:term":[{"taxonomy":"product_cat","embeddable":true,"href":"https:\/\/grillpro.com\/fr\/wp-json\/wp\/v2\/product_cat\/?post=2487"},{"taxonomy":"product_tag","embeddable":true,"href":"https:\/\/grillpro.com\/fr\/wp-json\/wp\/v2\/product_tag\/?post=2487"}],"curies":[{"name":"wp","href":"https:\/\/api.w.org\/{rel}","templated":true}]}}