{"id":310,"date":"2018-11-01T14:03:29","date_gmt":"2018-11-01T14:03:29","guid":{"rendered":"http:\/\/54.189.142.169\/grillpro\/product\/support-pour-cotes-et-roti\/"},"modified":"2018-12-06T19:43:48","modified_gmt":"2018-12-06T19:43:48","slug":"support-pour-cotes-et-roti","status":"publish","type":"product","link":"https:\/\/grillpro.com\/fr\/produit\/support-pour-cotes-et-roti\/","title":{"rendered":"Support pour c\u00f4tes et r\u00f4ti"},"content":{"rendered":"<p>Support \u00e0 c\u00f4tes et support torr\u00e9fi\u00e9 r\u00e9versibles. Fabriqu\u00e9 en acier inoxydable avec un cadre pouvant contenir 6 carr\u00e9s de c\u00f4tes et un support r\u00f4ti pour les gros morceaux de viande.<\/p>\n","protected":false},"excerpt":{"rendered":"<p>Support \u00e0 c\u00f4tes et support torr\u00e9fi\u00e9 r\u00e9versibles. Fabriqu\u00e9 en acier inoxydable avec un cadre pouvant contenir 6 carr\u00e9s de c\u00f4tes et un support r\u00f4ti pour les gros morceaux de viande.<\/p>\n","protected":false},"featured_media":311,"template":"","meta":[],"product_cat":[94],"product_tag":[],"_links":{"self":[{"href":"https:\/\/grillpro.com\/fr\/wp-json\/wp\/v2\/product\/310\/"}],"collection":[{"href":"https:\/\/grillpro.com\/fr\/wp-json\/wp\/v2\/product\/"}],"about":[{"href":"https:\/\/grillpro.com\/fr\/wp-json\/wp\/v2\/types\/product\/"}],"version-history":[{"count":0,"href":"https:\/\/grillpro.com\/fr\/wp-json\/wp\/v2\/product\/310\/revisions\/"}],"wp:featuredmedia":[{"embeddable":true,"href":"https:\/\/grillpro.com\/fr\/wp-json\/wp\/v2\/media\/311\/"}],"wp:attachment":[{"href":"https:\/\/grillpro.com\/fr\/wp-json\/wp\/v2\/media\/?parent=310"}],"wp:term":[{"taxonomy":"product_cat","embeddable":true,"href":"https:\/\/grillpro.com\/fr\/wp-json\/wp\/v2\/product_cat\/?post=310"},{"taxonomy":"product_tag","embeddable":true,"href":"https:\/\/grillpro.com\/fr\/wp-json\/wp\/v2\/product_tag\/?post=310"}],"curies":[{"name":"wp","href":"https:\/\/api.w.org\/{rel}","templated":true}]}}