{"id":318,"date":"2018-11-01T14:36:02","date_gmt":"2018-11-01T14:36:02","guid":{"rendered":"http:\/\/54.189.142.169\/grillpro\/product\/pelle-a-pizza-pliante\/"},"modified":"2018-11-01T14:36:02","modified_gmt":"2018-11-01T14:36:02","slug":"pelle-a-pizza-pliante","status":"publish","type":"product","link":"https:\/\/grillpro.com\/fr\/produit\/pelle-a-pizza-pliante\/","title":{"rendered":"Pelle \u00e0 pizza pliante"},"content":{"rendered":"<p>Toute pizzeria peut jurer que l&rsquo;ingr\u00e9dient le plus important apr\u00e8s la p\u00e2te est une excellente peau de pizza en acier inoxydable. Con\u00e7ue avec une poign\u00e9e rabattable pour gagner de la place, la peau de pizza GrillPro est un must pour les amateurs de pizza. Poign\u00e9e pliante souple, grande lame facile \u00e0 nettoyer.<\/p>\n","protected":false},"excerpt":{"rendered":"<p>Toute pizzeria peut jurer que l&rsquo;ingr\u00e9dient le plus important apr\u00e8s la p\u00e2te est une excellente peau de pizza en acier inoxydable. Con\u00e7ue avec une poign\u00e9e rabattable pour gagner de la place, la peau de pizza GrillPro est un must pour les amateurs de pizza. Poign\u00e9e pliante souple, grande lame facile \u00e0 nettoyer.<\/p>\n","protected":false},"featured_media":319,"template":"","meta":[],"product_cat":[88],"product_tag":[],"_links":{"self":[{"href":"https:\/\/grillpro.com\/fr\/wp-json\/wp\/v2\/product\/318\/"}],"collection":[{"href":"https:\/\/grillpro.com\/fr\/wp-json\/wp\/v2\/product\/"}],"about":[{"href":"https:\/\/grillpro.com\/fr\/wp-json\/wp\/v2\/types\/product\/"}],"version-history":[{"count":0,"href":"https:\/\/grillpro.com\/fr\/wp-json\/wp\/v2\/product\/318\/revisions\/"}],"wp:featuredmedia":[{"embeddable":true,"href":"https:\/\/grillpro.com\/fr\/wp-json\/wp\/v2\/media\/319\/"}],"wp:attachment":[{"href":"https:\/\/grillpro.com\/fr\/wp-json\/wp\/v2\/media\/?parent=318"}],"wp:term":[{"taxonomy":"product_cat","embeddable":true,"href":"https:\/\/grillpro.com\/fr\/wp-json\/wp\/v2\/product_cat\/?post=318"},{"taxonomy":"product_tag","embeddable":true,"href":"https:\/\/grillpro.com\/fr\/wp-json\/wp\/v2\/product_tag\/?post=318"}],"curies":[{"name":"wp","href":"https:\/\/api.w.org\/{rel}","templated":true}]}}