{"id":328,"date":"2018-10-31T18:56:31","date_gmt":"2018-10-31T18:56:31","guid":{"rendered":"http:\/\/54.189.142.169\/grillpro\/product\/4-pc-ensemble-doutils-en-acier-inoxydable-avec-accents\/"},"modified":"2019-01-07T18:08:37","modified_gmt":"2019-01-07T18:08:37","slug":"ensemble-de-quatre-ustensiles-en-acier-inoxydable-avec-incrustations","status":"publish","type":"product","link":"https:\/\/grillpro.com\/fr\/produit\/ensemble-de-quatre-ustensiles-en-acier-inoxydable-avec-incrustations\/","title":{"rendered":"Ensemble de quatre ustensiles en acier inoxydable avec incrustations"},"content":{"rendered":"<p>Spatule, pince en silicone, fourchette et pinceau \u00e0 badigeonner en silicone faits d\u2019acier inoxydable tr\u00e8s r\u00e9sistant et dot\u00e9s d\u2019incrustations en caoutchouc.<\/p>\n","protected":false},"excerpt":{"rendered":"<p>Spatule, pince en silicone, fourchette et pinceau \u00e0 badigeonner en silicone faits d\u2019acier inoxydable tr\u00e8s r\u00e9sistant et dot\u00e9s d\u2019incrustations en caoutchouc.<\/p>\n","protected":false},"featured_media":329,"template":"","meta":[],"product_cat":[87],"product_tag":[],"_links":{"self":[{"href":"https:\/\/grillpro.com\/fr\/wp-json\/wp\/v2\/product\/328\/"}],"collection":[{"href":"https:\/\/grillpro.com\/fr\/wp-json\/wp\/v2\/product\/"}],"about":[{"href":"https:\/\/grillpro.com\/fr\/wp-json\/wp\/v2\/types\/product\/"}],"version-history":[{"count":0,"href":"https:\/\/grillpro.com\/fr\/wp-json\/wp\/v2\/product\/328\/revisions\/"}],"wp:featuredmedia":[{"embeddable":true,"href":"https:\/\/grillpro.com\/fr\/wp-json\/wp\/v2\/media\/329\/"}],"wp:attachment":[{"href":"https:\/\/grillpro.com\/fr\/wp-json\/wp\/v2\/media\/?parent=328"}],"wp:term":[{"taxonomy":"product_cat","embeddable":true,"href":"https:\/\/grillpro.com\/fr\/wp-json\/wp\/v2\/product_cat\/?post=328"},{"taxonomy":"product_tag","embeddable":true,"href":"https:\/\/grillpro.com\/fr\/wp-json\/wp\/v2\/product_tag\/?post=328"}],"curies":[{"name":"wp","href":"https:\/\/api.w.org\/{rel}","templated":true}]}}